{"id":301,"date":"2023-07-12T11:23:16","date_gmt":"2023-07-12T11:23:16","guid":{"rendered":"https:\/\/caponimarsili.it\/home\/"},"modified":"2024-01-04T15:54:19","modified_gmt":"2024-01-04T15:54:19","slug":"home","status":"publish","type":"page","link":"https:\/\/caponimarsili.it\/de\/","title":{"rendered":"HOME"},"content":{"rendered":"<div class=\"wpb-content-wrapper\"><p>[vc_row full_width=&#8220;stretch_row_content&#8220; full_height=&#8220;yes&#8220; equal_height=&#8220;yes&#8220; css=&#8220;.vc_custom_1689162072298{margin-top: 0px !important;border-top-width: 0px !important;padding-top: 0px !important;}&#8220;][vc_column css=&#8220;.vc_custom_1689162083568{margin-top: 0px !important;border-top-width: 0px !important;padding-top: 0px !important;}&#8220;]\n\t\t\t<!-- START home 11 REVOLUTION SLIDER 6.5.22 --><p class=\"rs-p-wp-fix\"><\/p>\n\t\t\t<rs-module-wrap id=\"rev_slider_7_1_wrapper\" data-source=\"gallery\" style=\"visibility:hidden;background:transparent;padding:0;\">\n\t\t\t\t<rs-module id=\"rev_slider_7_1\" style=\"\" data-version=\"6.5.22\">\n\t\t\t\t\t<rs-slides>\n\t\t\t\t\t\t<rs-slide style=\"position: absolute;\" data-key=\"rs-26\" data-title=\"Slide\" data-thumb=\"\/\/caponimarsili.it\/wp-content\/uploads\/2023\/07\/vigna-di-rico-50x100.jpg\" data-in=\"o:0;\" data-out=\"a:false;\">\n\t\t\t\t\t\t\t<img loading=\"lazy\" decoding=\"async\" src=\"\/\/caponimarsili.it\/wp-content\/plugins\/revslider\/public\/assets\/assets\/dummy.png\" alt=\"\" title=\"vigna-di-rico\" width=\"1920\" height=\"1080\" class=\"rev-slidebg tp-rs-img rs-lazyload\" data-lazyload=\"\/\/caponimarsili.it\/wp-content\/uploads\/2023\/07\/vigna-di-rico.jpg\" data-parallax=\"off\" data-no-retina>\n<!--\n\t\t\t\t\t\t\t--><rs-layer\n\t\t\t\t\t\t\t\tid=\"slider-7-slide-26-layer-1\" \n\t\t\t\t\t\t\t\tdata-type=\"text\"\n\t\t\t\t\t\t\t\tdata-rsp_ch=\"on\"\n\t\t\t\t\t\t\t\tdata-xy=\"xo:17px,14px,10px,6px;yo:433px,357px,271px,167px;\"\n\t\t\t\t\t\t\t\tdata-text=\"w:normal;s:80,66,50,30;l:25,20,15,9;\"\n\t\t\t\t\t\t\t\tdata-frame_999=\"o:0;st:w;\"\n\t\t\t\t\t\t\t\tstyle=\"z-index:5;font-family:'Minion Pro';\"\n\t\t\t\t\t\t\t>DER RICO-WEINBERG \n\t\t\t\t\t\t\t<\/rs-layer><!--\n\n\t\t\t\t\t\t\t--><rs-layer\n\t\t\t\t\t\t\t\tid=\"slider-7-slide-26-layer-7\" \n\t\t\t\t\t\t\t\tdata-type=\"text\"\n\t\t\t\t\t\t\t\tdata-rsp_ch=\"on\"\n\t\t\t\t\t\t\t\tdata-xy=\"xo:19px,15px,11px,6px;yo:490px,404px,306px,188px;\"\n\t\t\t\t\t\t\t\tdata-text=\"w:normal;s:20,16,12,7;l:25,20,15,9;\"\n\t\t\t\t\t\t\t\tdata-frame_999=\"o:0;st:w;\"\n\t\t\t\t\t\t\t\tstyle=\"z-index:5;font-family:'Helvetica';\"\n\t\t\t\t\t\t\t>LA CANTINA DELLE EMOZIONI \n\t\t\t\t\t\t\t<\/rs-layer><!--\n-->\t\t\t\t\t\t<\/rs-slide>\n\t\t\t\t\t\t<rs-slide style=\"position: absolute;\" data-key=\"rs-27\" data-title=\"Slide\" data-thumb=\"\/\/caponimarsili.it\/wp-content\/uploads\/2023\/07\/paesaggio-50x100.jpg\" data-in=\"o:0;\" data-out=\"a:false;\">\n\t\t\t\t\t\t\t<img loading=\"lazy\" decoding=\"async\" src=\"\/\/caponimarsili.it\/wp-content\/plugins\/revslider\/public\/assets\/assets\/dummy.png\" alt=\"\" title=\"paesaggio\" width=\"1920\" height=\"1080\" class=\"rev-slidebg tp-rs-img rs-lazyload\" data-lazyload=\"\/\/caponimarsili.it\/wp-content\/uploads\/2023\/07\/paesaggio.jpg\" data-parallax=\"off\" data-no-retina>\n<!--\n\t\t\t\t\t\t\t--><a\n\t\t\t\t\t\t\t\tid=\"slider-7-slide-27-layer-0\" \n\t\t\t\t\t\t\t\tclass=\"rs-layer rev-btn\"\n\t\t\t\t\t\t\t\thref=\"https:\/\/caponimarsili.it\/de\/territorium\/\" target=\"_self\"\n\t\t\t\t\t\t\t\tdata-type=\"button\"\n\t\t\t\t\t\t\t\tdata-color=\"#0c0c0c\"\n\t\t\t\t\t\t\t\tdata-rsp_ch=\"on\"\n\t\t\t\t\t\t\t\tdata-xy=\"xo:18px,49px,44px,47px;yo:530px,543px,415px,351px;\"\n\t\t\t\t\t\t\t\tdata-text=\"w:normal;s:17,14,10,12;l:40,33,25,30;fw:500;\"\n\t\t\t\t\t\t\t\tdata-dim=\"minh:0px,none,none,none;\"\n\t\t\t\t\t\t\t\tdata-padding=\"r:25,21,16,20;l:25,21,16,20;\"\n\t\t\t\t\t\t\t\tdata-border=\"bos:solid;boc:rgba(255,255,255,0.35);bow:1px,1px,1px,1px;\"\n\t\t\t\t\t\t\t\tdata-frame_0=\"x:0,0,0,0px;y:0,0,0,0px;\"\n\t\t\t\t\t\t\t\tdata-frame_1=\"x:0,0,0,0px;y:0,0,0,0px;\"\n\t\t\t\t\t\t\t\tdata-frame_999=\"o:0;st:w;\"\n\t\t\t\t\t\t\t\tdata-frame_hover=\"c:#fff;bgc:rgba(0,0,0,0);boc:rgba(255,255,255,0.75);bor:25px,25px,25px,25px;bos:solid;bow:1px,1px,1px,1px;e:power1.inOut;\"\n\t\t\t\t\t\t\t\tstyle=\"z-index:10;background-color:#ffffff;font-family:'Helvetica';\"\n\t\t\t\t\t\t\t>Entdecken Sie das Gebiet \n\t\t\t\t\t\t\t<\/a><!--\n\n\t\t\t\t\t\t\t--><rs-layer\n\t\t\t\t\t\t\t\tid=\"slider-7-slide-27-layer-3\" \n\t\t\t\t\t\t\t\tdata-type=\"text\"\n\t\t\t\t\t\t\t\tdata-rsp_ch=\"on\"\n\t\t\t\t\t\t\t\tdata-xy=\"xo:20px,46px,41px,44px;y:m;yo:-78px,468px,359px,309px;\"\n\t\t\t\t\t\t\t\tdata-text=\"w:normal;s:70,57,43,20;l:25,20,15,9;\"\n\t\t\t\t\t\t\t\tdata-frame_999=\"o:0;st:w;\"\n\t\t\t\t\t\t\t\tstyle=\"z-index:9;font-family:'Minion Pro';\"\n\t\t\t\t\t\t\t><br \/>\nAuf halbem Weg zwischen Meer und <br> <br> Bergen \n\t\t\t\t\t\t\t<\/rs-layer><!--\n\n\t\t\t\t\t\t\t--><rs-layer\n\t\t\t\t\t\t\t\tid=\"slider-7-slide-27-layer-4\" \n\t\t\t\t\t\t\t\tdata-type=\"text\"\n\t\t\t\t\t\t\t\tdata-rsp_ch=\"on\"\n\t\t\t\t\t\t\t\tdata-xy=\"xo:20px,48px,42px,48px;yo:455px,513px,389px,331px;\"\n\t\t\t\t\t\t\t\tdata-text=\"w:normal;s:28,23,17,14;l:27,22,16,9;\"\n\t\t\t\t\t\t\t\tdata-frame_999=\"o:0;st:w;\"\n\t\t\t\t\t\t\t\tstyle=\"z-index:8;font-family:'Helvetica';\"\n\t\t\t\t\t\t\t>Wir sind in Petritoli (Fermo) am Val d'Aso, dem Tor zu den Sibillini, in der Mitte<br \/>\nStra\u00dfe zwischen Meer und Bergen, zwischen Gran Sasso und der Adria. \n\t\t\t\t\t\t\t<\/rs-layer><!--\n-->\t\t\t\t\t\t<\/rs-slide>\n\t\t\t\t\t\t<rs-slide style=\"position: absolute;\" data-key=\"rs-28\" data-title=\"Slide\" data-thumb=\"\/\/caponimarsili.it\/wp-content\/uploads\/2023\/07\/riflesso-50x100.jpg\" data-in=\"o:0;\" data-out=\"a:false;\">\n\t\t\t\t\t\t\t<img loading=\"lazy\" decoding=\"async\" src=\"\/\/caponimarsili.it\/wp-content\/plugins\/revslider\/public\/assets\/assets\/dummy.png\" alt=\"\" title=\"riflesso\" width=\"1920\" height=\"1080\" class=\"rev-slidebg tp-rs-img rs-lazyload\" data-lazyload=\"\/\/caponimarsili.it\/wp-content\/uploads\/2023\/07\/riflesso.jpg\" data-parallax=\"off\" data-no-retina>\n<!--\n\t\t\t\t\t\t\t--><rs-layer\n\t\t\t\t\t\t\t\tid=\"slider-7-slide-28-layer-3\" \n\t\t\t\t\t\t\t\tdata-type=\"text\"\n\t\t\t\t\t\t\t\tdata-rsp_ch=\"on\"\n\t\t\t\t\t\t\t\tdata-xy=\"xo:11px,55px,41px,106px;yo:371px,471px,357px,478px;\"\n\t\t\t\t\t\t\t\tdata-text=\"w:normal;s:70,57,43,20;l:25,20,15,9;\"\n\t\t\t\t\t\t\t\tdata-dim=\"w:1231px,1016px,771px,475px;\"\n\t\t\t\t\t\t\t\tdata-frame_999=\"o:0;st:w;\"\n\t\t\t\t\t\t\t\tstyle=\"z-index:9;font-family:'Minion Pro';\"\n\t\t\t\t\t\t\t>Die Zukunft ist das Spiegelbild der  <br> <br> Vergangenheit \n\t\t\t\t\t\t\t<\/rs-layer><!--\n\n\t\t\t\t\t\t\t--><rs-layer\n\t\t\t\t\t\t\t\tid=\"slider-7-slide-28-layer-4\" \n\t\t\t\t\t\t\t\tdata-type=\"text\"\n\t\t\t\t\t\t\t\tdata-rsp_ch=\"on\"\n\t\t\t\t\t\t\t\tdata-xy=\"xo:12px,56px,42px,108px;yo:477px,507px,385px,507px;\"\n\t\t\t\t\t\t\t\tdata-text=\"w:normal;s:22,18,13,14;l:25,20,15,14;\"\n\t\t\t\t\t\t\t\tdata-dim=\"w:807px,666px,506px,312px;\"\n\t\t\t\t\t\t\t\tdata-frame_999=\"o:0;st:w;\"\n\t\t\t\t\t\t\t\tstyle=\"z-index:8;font-family:'Helvetica';\"\n\t\t\t\t\t\t\t>Obwohl unser Weinkeller von bescheidener Gr\u00f6\u00dfe ist, verf\u00fcgt er \u00fcber alle modernen Technologien, die es uns erm\u00f6glichen, die G\u00e4rung effizient zu steuern, um Weine zu erzeugen, die unser Territorium und unsere Ideen am besten zur Geltung bringen. \n\t\t\t\t\t\t\t<\/rs-layer><!--\n\n\t\t\t\t\t\t\t--><a\n\t\t\t\t\t\t\t\tid=\"slider-7-slide-28-layer-5\" \n\t\t\t\t\t\t\t\tclass=\"rs-layer rev-btn\"\n\t\t\t\t\t\t\t\thref=\"https:\/\/caponimarsili.it\/de\/ueber-uns\/\" target=\"_self\"\n\t\t\t\t\t\t\t\tdata-type=\"button\"\n\t\t\t\t\t\t\t\tdata-color=\"#0c0c0c\"\n\t\t\t\t\t\t\t\tdata-rsp_ch=\"on\"\n\t\t\t\t\t\t\t\tdata-xy=\"xo:12px,54px,41px,103px;yo:587px,560px,425px,552px;\"\n\t\t\t\t\t\t\t\tdata-text=\"w:normal;s:17,14,10,12;l:40,33,25,31;fw:500;\"\n\t\t\t\t\t\t\t\tdata-dim=\"minh:0px,none,none,none;\"\n\t\t\t\t\t\t\t\tdata-padding=\"r:25,21,16,21;l:25,21,16,21;\"\n\t\t\t\t\t\t\t\tdata-border=\"bos:solid;boc:rgba(255,255,255,0.35);bow:1px,1px,1px,1px;\"\n\t\t\t\t\t\t\t\tdata-frame_0=\"x:0,0,0,0px;y:0,0,0,0px;\"\n\t\t\t\t\t\t\t\tdata-frame_1=\"x:0,0,0,0px;y:0,0,0,0px;\"\n\t\t\t\t\t\t\t\tdata-frame_999=\"o:0;st:w;\"\n\t\t\t\t\t\t\t\tdata-frame_hover=\"c:#fff;bgc:rgba(0,0,0,0);boc:rgba(255,255,255,0.75);bor:25px,25px,25px,25px;bos:solid;bow:1px,1px,1px,1px;e:power1.inOut;\"\n\t\t\t\t\t\t\t\tstyle=\"z-index:10;background-color:#ffffff;font-family:'Helvetica';\"\n\t\t\t\t\t\t\t>Finde mehr heraus \n\t\t\t\t\t\t\t<\/a><!--\n-->\t\t\t\t\t\t<\/rs-slide>\n\t\t\t\t\t\t<rs-slide style=\"position: absolute;\" data-key=\"rs-29\" data-title=\"Slide\" data-thumb=\"\/\/caponimarsili.it\/wp-content\/uploads\/2023\/07\/vini.jpg\" data-in=\"o:0;\" data-out=\"a:false;\">\n\t\t\t\t\t\t\t<img decoding=\"async\" src=\"\/\/caponimarsili.it\/wp-content\/plugins\/revslider\/public\/assets\/assets\/dummy.png\" alt=\"\" class=\"rev-slidebg tp-rs-img rs-lazyload\" data-lazyload=\"\/\/caponimarsili.it\/wp-content\/uploads\/2023\/07\/vini.jpg\" data-parallax=\"off\" data-no-retina>\n<!--\n\t\t\t\t\t\t\t--><rs-layer\n\t\t\t\t\t\t\t\tid=\"slider-7-slide-29-layer-3\" \n\t\t\t\t\t\t\t\tdata-type=\"text\"\n\t\t\t\t\t\t\t\tdata-rsp_ch=\"on\"\n\t\t\t\t\t\t\t\tdata-xy=\"x:l,c,c,c;xo:24px,0,0,0;y:m;yo:-17px,-14px,-10px,484px;\"\n\t\t\t\t\t\t\t\tdata-text=\"w:normal;s:70,57,43,20;l:25,20,15,9;\"\n\t\t\t\t\t\t\t\tdata-frame_999=\"o:0;st:w;\"\n\t\t\t\t\t\t\t\tstyle=\"z-index:9;font-family:'Minion Pro';\"\n\t\t\t\t\t\t\t><br \/>\nUnsere Weine \n\t\t\t\t\t\t\t<\/rs-layer><!--\n\n\t\t\t\t\t\t\t--><rs-layer\n\t\t\t\t\t\t\t\tid=\"slider-7-slide-29-layer-4\" \n\t\t\t\t\t\t\t\tdata-type=\"text\"\n\t\t\t\t\t\t\t\tdata-rsp_ch=\"on\"\n\t\t\t\t\t\t\t\tdata-xy=\"x:l,c,c,c;xo:24px,0,0,0;yo:486px,401px,304px,505px;\"\n\t\t\t\t\t\t\t\tdata-text=\"w:normal;s:24,19,14,14;l:25,20,15,9;\"\n\t\t\t\t\t\t\t\tdata-frame_999=\"o:0;st:w;\"\n\t\t\t\t\t\t\t\tstyle=\"z-index:8;font-family:'Helvetica';\"\n\t\t\t\t\t\t\t>Unsere Weine erz\u00e4hlen die Geschichte unserer Familie Rico und Lod\u00e8.<br \/>\nSie sind Gro\u00dfvater Enrico bzw. Mutter Lodena gewidmet. \n\t\t\t\t\t\t\t<\/rs-layer><!--\n\n\t\t\t\t\t\t\t--><a\n\t\t\t\t\t\t\t\tid=\"slider-7-slide-29-layer-6\" \n\t\t\t\t\t\t\t\tclass=\"rs-layer rev-btn\"\n\t\t\t\t\t\t\t\thref=\"https:\/\/caponimarsili.it\/de\/wein\/\" target=\"_self\"\n\t\t\t\t\t\t\t\tdata-type=\"button\"\n\t\t\t\t\t\t\t\tdata-color=\"#000000\"\n\t\t\t\t\t\t\t\tdata-rsp_ch=\"on\"\n\t\t\t\t\t\t\t\tdata-xy=\"x:l,c,c,c;xo:24px,0,0,0;yo:567px,593px,455px,531px;\"\n\t\t\t\t\t\t\t\tdata-text=\"w:normal;s:17,14,10,10;l:40,33,25,24;fw:500;\"\n\t\t\t\t\t\t\t\tdata-dim=\"minh:0px,none,none,none;\"\n\t\t\t\t\t\t\t\tdata-padding=\"r:25,21,16,16;l:25,21,16,16;\"\n\t\t\t\t\t\t\t\tdata-border=\"bos:solid;boc:rgba(255,255,255,0.35);bow:1px,1px,1px,1px;\"\n\t\t\t\t\t\t\t\tdata-frame_0=\"x:0,0,0,0px;y:0,0,0,0px;\"\n\t\t\t\t\t\t\t\tdata-frame_1=\"x:0,0,0,0px;y:0,0,0,0px;\"\n\t\t\t\t\t\t\t\tdata-frame_999=\"o:0;st:w;\"\n\t\t\t\t\t\t\t\tdata-frame_hover=\"c:#fff;bgc:rgba(0,0,0,0);boc:rgba(255,255,255,0.75);bor:25px,25px,25px,25px;bos:solid;bow:1px,1px,1px,1px;e:power1.inOut;\"\n\t\t\t\t\t\t\t\tstyle=\"z-index:10;background-color:#ffffff;font-family:'Helvetica';\"\n\t\t\t\t\t\t\t>Finde mehr heraus \n\t\t\t\t\t\t\t<\/a><!--\n-->\t\t\t\t\t\t<\/rs-slide>\n\t\t\t\t\t\t<rs-slide style=\"position: absolute;\" data-key=\"rs-30\" data-title=\"Slide\" data-thumb=\"\/\/caponimarsili.it\/wp-content\/uploads\/2023\/07\/esperienze_petrioli-50x100.jpg\" data-in=\"o:0;\" data-out=\"a:false;\">\n\t\t\t\t\t\t\t<img loading=\"lazy\" decoding=\"async\" src=\"\/\/caponimarsili.it\/wp-content\/plugins\/revslider\/public\/assets\/assets\/dummy.png\" alt=\"\" title=\"esperienze_petrioli\" width=\"1920\" height=\"1077\" class=\"rev-slidebg tp-rs-img rs-lazyload\" data-lazyload=\"\/\/caponimarsili.it\/wp-content\/uploads\/2023\/07\/esperienze_petrioli.jpg\" data-parallax=\"off\" data-no-retina>\n<!--\n\t\t\t\t\t\t\t--><rs-layer\n\t\t\t\t\t\t\t\tid=\"slider-7-slide-30-layer-2\" \n\t\t\t\t\t\t\t\tdata-type=\"text\"\n\t\t\t\t\t\t\t\tdata-rsp_ch=\"on\"\n\t\t\t\t\t\t\t\tdata-xy=\"x:l,c,c,c;xo:49px,0,0,0;y:m;yo:210px,173px,131px,484px;\"\n\t\t\t\t\t\t\t\tdata-text=\"w:normal;s:70,57,43,20;l:25,20,15,9;\"\n\t\t\t\t\t\t\t\tdata-frame_999=\"o:0;st:w;\"\n\t\t\t\t\t\t\t\tstyle=\"z-index:9;font-family:'Minion Pro';\"\n\t\t\t\t\t\t\t>Was Sie in Petritoli besuchen sollten \n\t\t\t\t\t\t\t<\/rs-layer><!--\n\n\t\t\t\t\t\t\t--><rs-layer\n\t\t\t\t\t\t\t\tid=\"slider-7-slide-30-layer-3\" \n\t\t\t\t\t\t\t\tdata-type=\"text\"\n\t\t\t\t\t\t\t\tdata-rsp_ch=\"on\"\n\t\t\t\t\t\t\t\tdata-xy=\"x:l,c,c,c;xo:49px,0,0,0;y:m;yo:-308px,-254px,-192px,484px;\"\n\t\t\t\t\t\t\t\tdata-text=\"w:normal;s:70,57,43,20;l:25,20,15,9;\"\n\t\t\t\t\t\t\t\tdata-frame_999=\"o:0;st:w;\"\n\t\t\t\t\t\t\t\tstyle=\"z-index:9;font-family:'Minion Pro';\"\n\t\t\t\t\t\t\t>Veranstaltungen im Weinberg, <BR> <Br> <BR> einzigartige Erlebnisse \n\t\t\t\t\t\t\t<\/rs-layer><!--\n\n\t\t\t\t\t\t\t--><rs-layer\n\t\t\t\t\t\t\t\tid=\"slider-7-slide-30-layer-4\" \n\t\t\t\t\t\t\t\tdata-type=\"text\"\n\t\t\t\t\t\t\t\tdata-rsp_ch=\"on\"\n\t\t\t\t\t\t\t\tdata-xy=\"x:l,c,c,c;xo:49px,0,0,0;yo:220px,181px,137px,505px;\"\n\t\t\t\t\t\t\t\tdata-text=\"w:normal;s:20,16,12,14;l:25,20,15,9;\"\n\t\t\t\t\t\t\t\tdata-dim=\"w:688px,568px,431px,265px;\"\n\t\t\t\t\t\t\t\tdata-frame_999=\"o:0;st:w;\"\n\t\t\t\t\t\t\t\tstyle=\"z-index:8;font-family:'Helvetica';\"\n\t\t\t\t\t\t\t>Entdecken und erleben Sie den Keller 360\u00b0 mit Verkostungen und einzigartigen Events. \n\t\t\t\t\t\t\t<\/rs-layer><!--\n\n\t\t\t\t\t\t\t--><rs-layer\n\t\t\t\t\t\t\t\tid=\"slider-7-slide-30-layer-6\" \n\t\t\t\t\t\t\t\tclass=\"rev-btn\"\n\t\t\t\t\t\t\t\tdata-type=\"button\"\n\t\t\t\t\t\t\t\tdata-color=\"#000000\"\n\t\t\t\t\t\t\t\tdata-rsp_ch=\"on\"\n\t\t\t\t\t\t\t\tdata-xy=\"x:l,c,c,c;xo:49px,0,0,0;yo:276px,593px,455px,531px;\"\n\t\t\t\t\t\t\t\tdata-text=\"w:normal;s:17,14,10,10;l:40,33,25,24;fw:500;\"\n\t\t\t\t\t\t\t\tdata-dim=\"minh:0px,none,none,none;\"\n\t\t\t\t\t\t\t\tdata-padding=\"r:25,21,16,16;l:25,21,16,16;\"\n\t\t\t\t\t\t\t\tdata-border=\"bos:solid;boc:rgba(255,255,255,0.35);bow:1px,1px,1px,1px;\"\n\t\t\t\t\t\t\t\tdata-frame_0=\"x:0,0,0,0px;y:0,0,0,0px;\"\n\t\t\t\t\t\t\t\tdata-frame_1=\"x:0,0,0,0px;y:0,0,0,0px;\"\n\t\t\t\t\t\t\t\tdata-frame_999=\"o:0;st:w;\"\n\t\t\t\t\t\t\t\tdata-frame_hover=\"c:#fff;bgc:rgba(0,0,0,0);boc:rgba(255,255,255,0.75);bor:25px,25px,25px,25px;bos:solid;bow:1px,1px,1px,1px;e:power1.inOut;\"\n\t\t\t\t\t\t\t\tstyle=\"z-index:10;background-color:#ffffff;font-family:'Helvetica';\"\n\t\t\t\t\t\t\t>Finde mehr heraus \n\t\t\t\t\t\t\t<\/rs-layer><!--\n\n\t\t\t\t\t\t\t--><rs-layer\n\t\t\t\t\t\t\t\tid=\"slider-7-slide-30-layer-8\" \n\t\t\t\t\t\t\t\tdata-type=\"text\"\n\t\t\t\t\t\t\t\tdata-rsp_ch=\"on\"\n\t\t\t\t\t\t\t\tdata-xy=\"x:l,c,c,c;xo:49px,0,0,0;yo:709px,585px,444px,505px;\"\n\t\t\t\t\t\t\t\tdata-text=\"w:normal;s:20,16,12,14;l:25,20,15,9;\"\n\t\t\t\t\t\t\t\tdata-dim=\"w:676px,558px,423px,260px;\"\n\t\t\t\t\t\t\t\tdata-frame_999=\"o:0;st:w;\"\n\t\t\t\t\t\t\t\tstyle=\"z-index:8;font-family:'Helvetica';\"\n\t\t\t\t\t\t\t>Entdecken Sie das historische Dorf Petritoli, zwischen Geschichte und Kunst, die Hauptstadt der Hochzeiten. \n\t\t\t\t\t\t\t<\/rs-layer><!--\n\n\t\t\t\t\t\t\t--><rs-layer\n\t\t\t\t\t\t\t\tid=\"slider-7-slide-30-layer-9\" \n\t\t\t\t\t\t\t\tclass=\"rev-btn\"\n\t\t\t\t\t\t\t\tdata-type=\"button\"\n\t\t\t\t\t\t\t\tdata-color=\"#000000\"\n\t\t\t\t\t\t\t\tdata-rsp_ch=\"on\"\n\t\t\t\t\t\t\t\tdata-xy=\"x:l,c,c,c;xo:49px,0,0,0;yo:768px,593px,455px,531px;\"\n\t\t\t\t\t\t\t\tdata-text=\"w:normal;s:17,14,10,10;l:40,33,25,24;fw:500;\"\n\t\t\t\t\t\t\t\tdata-dim=\"minh:0px,none,none,none;\"\n\t\t\t\t\t\t\t\tdata-padding=\"r:25,21,16,16;l:25,21,16,16;\"\n\t\t\t\t\t\t\t\tdata-border=\"bos:solid;boc:rgba(255,255,255,0.35);bow:1px,1px,1px,1px;\"\n\t\t\t\t\t\t\t\tdata-frame_0=\"x:0,0,0,0px;y:0,0,0,0px;\"\n\t\t\t\t\t\t\t\tdata-frame_1=\"x:0,0,0,0px;y:0,0,0,0px;\"\n\t\t\t\t\t\t\t\tdata-frame_999=\"o:0;st:w;\"\n\t\t\t\t\t\t\t\tdata-frame_hover=\"c:#fff;bgc:rgba(0,0,0,0);boc:rgba(255,255,255,0.75);bor:25px,25px,25px,25px;bos:solid;bow:1px,1px,1px,1px;e:power1.inOut;\"\n\t\t\t\t\t\t\t\tstyle=\"z-index:10;background-color:#ffffff;font-family:'Helvetica';\"\n\t\t\t\t\t\t\t>Finde mehr heraus \n\t\t\t\t\t\t\t<\/rs-layer><!--\n-->\t\t\t\t\t\t<\/rs-slide>\n\t\t\t\t\t<\/rs-slides>\n\t\t\t\t<\/rs-module>\n\t\t\t\t<script>\n\t\t\t\t\tsetREVStartSize({c: 'rev_slider_7_1',rl:[1240,1024,778,480],el:[900,768,960,720],gw:[1240,1024,778,480],gh:[900,768,960,720],type:'standard',justify:'',layout:'fullscreen',offsetContainer:'',offset:'',mh:\"0\"});if (window.RS_MODULES!==undefined && window.RS_MODULES.modules!==undefined && window.RS_MODULES.modules[\"revslider71\"]!==undefined) {window.RS_MODULES.modules[\"revslider71\"].once = false;window.revapi7 = undefined;if (window.RS_MODULES.checkMinimal!==undefined) window.RS_MODULES.checkMinimal()}\n\t\t\t\t<\/script>\n\t\t\t<\/rs-module-wrap>\n\t\t\t<!-- END REVOLUTION SLIDER -->\n[\/vc_column][\/vc_row]<\/p>\n<\/div>","protected":false},"excerpt":{"rendered":"<p>[vc_row full_width=&#8220;stretch_row_content&#8220; full_height=&#8220;yes&#8220; equal_height=&#8220;yes&#8220; css=&#8220;.vc_custom_1689162072298{margin-top: 0px !important;border-top-width: 0px !important;padding-top: 0px !important;}&#8220;][vc_column css=&#8220;.vc_custom_1689162083568{margin-top: 0px !important;border-top-width: 0px !important;padding-top: 0px !important;}&#8220;][\/vc_column][\/vc_row]<\/p>\n","protected":false},"author":1,"featured_media":0,"parent":0,"menu_order":0,"comment_status":"closed","ping_status":"closed","template":"","meta":{"footnotes":""},"class_list":["post-301","page","type-page","status-publish","hentry"],"_links":{"self":[{"href":"https:\/\/caponimarsili.it\/de\/wp-json\/wp\/v2\/pages\/301","targetHints":{"allow":["GET"]}}],"collection":[{"href":"https:\/\/caponimarsili.it\/de\/wp-json\/wp\/v2\/pages"}],"about":[{"href":"https:\/\/caponimarsili.it\/de\/wp-json\/wp\/v2\/types\/page"}],"author":[{"embeddable":true,"href":"https:\/\/caponimarsili.it\/de\/wp-json\/wp\/v2\/users\/1"}],"replies":[{"embeddable":true,"href":"https:\/\/caponimarsili.it\/de\/wp-json\/wp\/v2\/comments?post=301"}],"version-history":[{"count":1,"href":"https:\/\/caponimarsili.it\/de\/wp-json\/wp\/v2\/pages\/301\/revisions"}],"predecessor-version":[{"id":317,"href":"https:\/\/caponimarsili.it\/de\/wp-json\/wp\/v2\/pages\/301\/revisions\/317"}],"wp:attachment":[{"href":"https:\/\/caponimarsili.it\/de\/wp-json\/wp\/v2\/media?parent=301"}],"curies":[{"name":"wp","href":"https:\/\/api.w.org\/{rel}","templated":true}]}}